{"id":241821,"date":"2025-03-11T14:31:15","date_gmt":"2025-03-11T14:31:15","guid":{"rendered":"https:\/\/www.combava.be\/?page_id=241821"},"modified":"2025-03-14T13:04:25","modified_gmt":"2025-03-14T13:04:25","slug":"job","status":"publish","type":"page","link":"https:\/\/www.combava.be\/en\/job\/","title":{"rendered":"Job"},"content":{"rendered":"\n[et_pb_section fb_built=\u00a0\u00bb1&Prime; custom_padding_last_edited=\u00a0\u00bbon|desktop\u00a0\u00bb _builder_version=\u00a0\u00bb4.27.4&Prime; _module_preset=\u00a0\u00bbdefault\u00a0\u00bb custom_margin=\u00a0\u00bb60px||50px||false|false\u00a0\u00bb custom_margin_tablet=\u00a0\u00bb0px||0px||false|false\u00a0\u00bb custom_margin_phone=\u00a0\u00bb0px||0px||false|false\u00a0\u00bb custom_margin_last_edited=\u00a0\u00bbon|phone\u00a0\u00bb custom_padding=\u00a0\u00bb||||false|false\u00a0\u00bb custom_padding_tablet=\u00a0\u00bb||||false|false\u00a0\u00bb custom_padding_phone=\u00a0\u00bb20px||0px||false|false\u00a0\u00bb global_colors_info=\u00a0\u00bb{}\u00a0\u00bb][et_pb_row _builder_version=\u00a0\u00bb4.27.4&Prime; _module_preset=\u00a0\u00bbdefault\u00a0\u00bb custom_margin=\u00a0\u00bb||||false|false\u00a0\u00bb custom_padding=\u00a0\u00bb0px||0px||false|false\u00a0\u00bb global_colors_info=\u00a0\u00bb{}\u00a0\u00bb][et_pb_column type=\u00a0\u00bb4_4&Prime; _builder_version=\u00a0\u00bb4.27.4&Prime; _module_preset=\u00a0\u00bbdefault\u00a0\u00bb global_colors_info=\u00a0\u00bb{}\u00a0\u00bb][et_pb_text _builder_version=\u00a0\u00bb4.27.4&Prime; _module_preset=\u00a0\u00bbdefault\u00a0\u00bb text_font=\u00a0\u00bb|700|||||||\u00a0\u00bb text_text_color=\u00a0\u00bb#4e4e4e\u00a0\u00bb text_font_size=\u00a0\u00bb45px\u00a0\u00bb text_line_height=\u00a0\u00bb1.2em\u00a0\u00bb text_orientation=\u00a0\u00bbcenter\u00a0\u00bb custom_padding=\u00a0\u00bb|20px|||false|false\u00a0\u00bb custom_padding_tablet=\u00a0\u00bb|20px|||false|false\u00a0\u00bb custom_padding_phone=\u00a0\u00bb|20px|||false|false\u00a0\u00bb custom_padding_last_edited=\u00a0\u00bbon|desktop\u00a0\u00bb text_font_size_tablet=\u00a0\u00bb45px\u00a0\u00bb text_font_size_phone=\u00a0\u00bb35px\u00a0\u00bb text_font_size_last_edited=\u00a0\u00bbon|tablet\u00a0\u00bb text_line_height_tablet=\u00a0\u00bb\u00a0\u00bb text_line_height_phone=\u00a0\u00bb1.4em\u00a0\u00bb text_line_height_last_edited=\u00a0\u00bbon|tablet\u00a0\u00bb global_colors_info=\u00a0\u00bb{}\u00a0\u00bb]<div dir=\"ltr\">\n<p class=\"p1\">\u00cates-vous passionn\u00e9 par la cuisine ou l\u2019art de recevoir ?<\/p>\n<\/div>[\/et_pb_text][et_pb_text _builder_version=\u00a0\u00bb4.27.4&Prime; _module_preset=\u00a0\u00bbdefault\u00a0\u00bb text_font=\u00a0\u00bb|600|||||||\u00a0\u00bb text_text_color=\u00a0\u00bb#4e4e4e\u00a0\u00bb text_font_size=\u00a0\u00bb28px\u00a0\u00bb text_line_height=\u00a0\u00bb1.2em\u00a0\u00bb text_orientation=\u00a0\u00bbcenter\u00a0\u00bb custom_padding=\u00a0\u00bb|20px|||false|false\u00a0\u00bb custom_padding_tablet=\u00a0\u00bb|20px|||false|false\u00a0\u00bb custom_padding_phone=\u00a0\u00bb|20px|||false|false\u00a0\u00bb custom_padding_last_edited=\u00a0\u00bbon|desktop\u00a0\u00bb text_font_size_tablet=\u00a0\u00bb26px\u00a0\u00bb text_font_size_phone=\u00a0\u00bb23px\u00a0\u00bb text_font_size_last_edited=\u00a0\u00bbon|phone\u00a0\u00bb text_line_height_tablet=\u00a0\u00bb\u00a0\u00bb text_line_height_phone=\u00a0\u00bb1.4em\u00a0\u00bb text_line_height_last_edited=\u00a0\u00bbon|tablet\u00a0\u00bb global_colors_info=\u00a0\u00bb{}\u00a0\u00bb]<div dir=\"ltr\">Rejoignez nos \u00e9quipes : <a href=\"mailto:info@combava.be\">info@combava.be<\/a><\/div>[\/et_pb_text][et_pb_image src=\u00a0\u00bbhttps:\/\/www.combava.be\/wp-content\/uploads\/2025\/03\/job.png\u00a0\u00bb _builder_version=\u00a0\u00bb4.27.4&Prime; _module_preset=\u00a0\u00bbdefault\u00a0\u00bb title_text=\u00a0\u00bbjob\u00a0\u00bb align=\u00a0\u00bbcenter\u00a0\u00bb max_width=\u00a0\u00bb350px\u00a0\u00bb hover_enabled=\u00a0\u00bb0&Prime; sticky_enabled=\u00a0\u00bb0&Prime;][\/et_pb_image][\/et_pb_column][\/et_pb_row][\/et_pb_section]\n","protected":false},"excerpt":{"rendered":"<p>\u00cates-vous passionn\u00e9 par la cuisine ou l\u2019art de recevoir ? Rejoignez nos \u00e9quipes : info@combava.be<\/p>","protected":false},"author":1,"featured_media":241848,"parent":0,"menu_order":0,"comment_status":"closed","ping_status":"closed","template":"","meta":{"_et_pb_use_builder":"on","_et_pb_old_content":"","_et_gb_content_width":"","footnotes":""},"class_list":["post-241821","page","type-page","status-publish","has-post-thumbnail","hentry"],"yoast_head":"<!-- This site is optimized with the Yoast SEO plugin v24.6 - https:\/\/yoast.com\/wordpress\/plugins\/seo\/ -->\n<title>Job - Combava<\/title>\n<meta name=\"description\" content=\"D\u00e9couvrez Combava, votre restaurant asiatique, o\u00f9 chaque plat vous invite \u00e0 savourer des saveurs authentiques dans une ambiance chaleureuse.\" \/>\n<meta name=\"robots\" content=\"index, follow, max-snippet:-1, max-image-preview:large, max-video-preview:-1\" \/>\n<link rel=\"canonical\" href=\"https:\/\/www.combava.be\/en\/job\/\" \/>\n<meta property=\"og:locale\" content=\"en_GB\" \/>\n<meta property=\"og:type\" content=\"article\" \/>\n<meta property=\"og:title\" content=\"Job - Combava\" \/>\n<meta property=\"og:description\" content=\"D\u00e9couvrez Combava, votre restaurant asiatique, o\u00f9 chaque plat vous invite \u00e0 savourer des saveurs authentiques dans une ambiance chaleureuse.\" \/>\n<meta property=\"og:url\" content=\"https:\/\/www.combava.be\/en\/job\/\" \/>\n<meta property=\"og:site_name\" content=\"Combava\" \/>\n<meta property=\"article:publisher\" content=\"https:\/\/www.facebook.com\/profile.php?id=61550375682908\" \/>\n<meta property=\"article:modified_time\" content=\"2025-03-14T13:04:25+00:00\" \/>\n<meta property=\"og:image\" content=\"https:\/\/www.combava.be\/wp-content\/uploads\/2025\/03\/5-1.png\" \/>\n\t<meta property=\"og:image:width\" content=\"1000\" \/>\n\t<meta property=\"og:image:height\" content=\"1333\" \/>\n\t<meta property=\"og:image:type\" content=\"image\/png\" \/>\n<meta name=\"twitter:card\" content=\"summary_large_image\" \/>\n<meta name=\"twitter:label1\" content=\"Estimated reading time\" \/>\n\t<meta name=\"twitter:data1\" content=\"1 minute\" \/>\n<script type=\"application\/ld+json\" class=\"yoast-schema-graph\">{\"@context\":\"https:\/\/schema.org\",\"@graph\":[{\"@type\":\"WebPage\",\"@id\":\"https:\/\/www.combava.be\/job\/\",\"url\":\"https:\/\/www.combava.be\/job\/\",\"name\":\"Job - Combava\",\"isPartOf\":{\"@id\":\"https:\/\/www.combava.be\/#website\"},\"primaryImageOfPage\":{\"@id\":\"https:\/\/www.combava.be\/job\/#primaryimage\"},\"image\":{\"@id\":\"https:\/\/www.combava.be\/job\/#primaryimage\"},\"thumbnailUrl\":\"https:\/\/www.combava.be\/wp-content\/uploads\/2025\/03\/5-1.png\",\"datePublished\":\"2025-03-11T14:31:15+00:00\",\"dateModified\":\"2025-03-14T13:04:25+00:00\",\"description\":\"D\u00e9couvrez Combava, votre restaurant asiatique, o\u00f9 chaque plat vous invite \u00e0 savourer des saveurs authentiques dans une ambiance chaleureuse.\",\"breadcrumb\":{\"@id\":\"https:\/\/www.combava.be\/job\/#breadcrumb\"},\"inLanguage\":\"en-GB\",\"potentialAction\":[{\"@type\":\"ReadAction\",\"target\":[\"https:\/\/www.combava.be\/job\/\"]}]},{\"@type\":\"ImageObject\",\"inLanguage\":\"en-GB\",\"@id\":\"https:\/\/www.combava.be\/job\/#primaryimage\",\"url\":\"https:\/\/www.combava.be\/wp-content\/uploads\/2025\/03\/5-1.png\",\"contentUrl\":\"https:\/\/www.combava.be\/wp-content\/uploads\/2025\/03\/5-1.png\",\"width\":1000,\"height\":1333},{\"@type\":\"BreadcrumbList\",\"@id\":\"https:\/\/www.combava.be\/job\/#breadcrumb\",\"itemListElement\":[{\"@type\":\"ListItem\",\"position\":1,\"name\":\"Accueil\",\"item\":\"https:\/\/www.combava.be\/\"},{\"@type\":\"ListItem\",\"position\":2,\"name\":\"Job\"}]},{\"@type\":\"WebSite\",\"@id\":\"https:\/\/www.combava.be\/#website\",\"url\":\"https:\/\/www.combava.be\/\",\"name\":\"Combava\",\"description\":\"Restaurant asiatique\",\"publisher\":{\"@id\":\"https:\/\/www.combava.be\/#organization\"},\"potentialAction\":[{\"@type\":\"SearchAction\",\"target\":{\"@type\":\"EntryPoint\",\"urlTemplate\":\"https:\/\/www.combava.be\/?s={search_term_string}\"},\"query-input\":{\"@type\":\"PropertyValueSpecification\",\"valueRequired\":true,\"valueName\":\"search_term_string\"}}],\"inLanguage\":\"en-GB\"},{\"@type\":\"Organization\",\"@id\":\"https:\/\/www.combava.be\/#organization\",\"name\":\"Combava\",\"url\":\"https:\/\/www.combava.be\/\",\"logo\":{\"@type\":\"ImageObject\",\"inLanguage\":\"en-GB\",\"@id\":\"https:\/\/www.combava.be\/#\/schema\/logo\/image\/\",\"url\":\"https:\/\/www.combava.be\/wp-content\/uploads\/2025\/03\/cropped-favicon-1.png\",\"contentUrl\":\"https:\/\/www.combava.be\/wp-content\/uploads\/2025\/03\/cropped-favicon-1.png\",\"width\":512,\"height\":512,\"caption\":\"Combava\"},\"image\":{\"@id\":\"https:\/\/www.combava.be\/#\/schema\/logo\/image\/\"},\"sameAs\":[\"https:\/\/www.facebook.com\/profile.php?id=61550375682908\"]}]}<\/script>\n<!-- \/ Yoast SEO plugin. -->","yoast_head_json":{"title":"Job - Combava","description":"D\u00e9couvrez Combava, votre restaurant asiatique, o\u00f9 chaque plat vous invite \u00e0 savourer des saveurs authentiques dans une ambiance chaleureuse.","robots":{"index":"index","follow":"follow","max-snippet":"max-snippet:-1","max-image-preview":"max-image-preview:large","max-video-preview":"max-video-preview:-1"},"canonical":"https:\/\/www.combava.be\/en\/job\/","og_locale":"en_GB","og_type":"article","og_title":"Job - Combava","og_description":"D\u00e9couvrez Combava, votre restaurant asiatique, o\u00f9 chaque plat vous invite \u00e0 savourer des saveurs authentiques dans une ambiance chaleureuse.","og_url":"https:\/\/www.combava.be\/en\/job\/","og_site_name":"Combava","article_publisher":"https:\/\/www.facebook.com\/profile.php?id=61550375682908","article_modified_time":"2025-03-14T13:04:25+00:00","og_image":[{"width":1000,"height":1333,"url":"https:\/\/www.combava.be\/wp-content\/uploads\/2025\/03\/5-1.png","type":"image\/png"}],"twitter_card":"summary_large_image","twitter_misc":{"Estimated reading time":"1 minute"},"schema":{"@context":"https:\/\/schema.org","@graph":[{"@type":"WebPage","@id":"https:\/\/www.combava.be\/job\/","url":"https:\/\/www.combava.be\/job\/","name":"Job - Combava","isPartOf":{"@id":"https:\/\/www.combava.be\/#website"},"primaryImageOfPage":{"@id":"https:\/\/www.combava.be\/job\/#primaryimage"},"image":{"@id":"https:\/\/www.combava.be\/job\/#primaryimage"},"thumbnailUrl":"https:\/\/www.combava.be\/wp-content\/uploads\/2025\/03\/5-1.png","datePublished":"2025-03-11T14:31:15+00:00","dateModified":"2025-03-14T13:04:25+00:00","description":"D\u00e9couvrez Combava, votre restaurant asiatique, o\u00f9 chaque plat vous invite \u00e0 savourer des saveurs authentiques dans une ambiance chaleureuse.","breadcrumb":{"@id":"https:\/\/www.combava.be\/job\/#breadcrumb"},"inLanguage":"en-GB","potentialAction":[{"@type":"ReadAction","target":["https:\/\/www.combava.be\/job\/"]}]},{"@type":"ImageObject","inLanguage":"en-GB","@id":"https:\/\/www.combava.be\/job\/#primaryimage","url":"https:\/\/www.combava.be\/wp-content\/uploads\/2025\/03\/5-1.png","contentUrl":"https:\/\/www.combava.be\/wp-content\/uploads\/2025\/03\/5-1.png","width":1000,"height":1333},{"@type":"BreadcrumbList","@id":"https:\/\/www.combava.be\/job\/#breadcrumb","itemListElement":[{"@type":"ListItem","position":1,"name":"Accueil","item":"https:\/\/www.combava.be\/"},{"@type":"ListItem","position":2,"name":"Job"}]},{"@type":"WebSite","@id":"https:\/\/www.combava.be\/#website","url":"https:\/\/www.combava.be\/","name":"Combava","description":"Restaurant asiatique","publisher":{"@id":"https:\/\/www.combava.be\/#organization"},"potentialAction":[{"@type":"SearchAction","target":{"@type":"EntryPoint","urlTemplate":"https:\/\/www.combava.be\/?s={search_term_string}"},"query-input":{"@type":"PropertyValueSpecification","valueRequired":true,"valueName":"search_term_string"}}],"inLanguage":"en-GB"},{"@type":"Organization","@id":"https:\/\/www.combava.be\/#organization","name":"Combava","url":"https:\/\/www.combava.be\/","logo":{"@type":"ImageObject","inLanguage":"en-GB","@id":"https:\/\/www.combava.be\/#\/schema\/logo\/image\/","url":"https:\/\/www.combava.be\/wp-content\/uploads\/2025\/03\/cropped-favicon-1.png","contentUrl":"https:\/\/www.combava.be\/wp-content\/uploads\/2025\/03\/cropped-favicon-1.png","width":512,"height":512,"caption":"Combava"},"image":{"@id":"https:\/\/www.combava.be\/#\/schema\/logo\/image\/"},"sameAs":["https:\/\/www.facebook.com\/profile.php?id=61550375682908"]}]}},"_links":{"self":[{"href":"https:\/\/www.combava.be\/en\/wp-json\/wp\/v2\/pages\/241821","targetHints":{"allow":["GET"]}}],"collection":[{"href":"https:\/\/www.combava.be\/en\/wp-json\/wp\/v2\/pages"}],"about":[{"href":"https:\/\/www.combava.be\/en\/wp-json\/wp\/v2\/types\/page"}],"author":[{"embeddable":true,"href":"https:\/\/www.combava.be\/en\/wp-json\/wp\/v2\/users\/1"}],"replies":[{"embeddable":true,"href":"https:\/\/www.combava.be\/en\/wp-json\/wp\/v2\/comments?post=241821"}],"version-history":[{"count":6,"href":"https:\/\/www.combava.be\/en\/wp-json\/wp\/v2\/pages\/241821\/revisions"}],"predecessor-version":[{"id":241895,"href":"https:\/\/www.combava.be\/en\/wp-json\/wp\/v2\/pages\/241821\/revisions\/241895"}],"wp:featuredmedia":[{"embeddable":true,"href":"https:\/\/www.combava.be\/en\/wp-json\/wp\/v2\/media\/241848"}],"wp:attachment":[{"href":"https:\/\/www.combava.be\/en\/wp-json\/wp\/v2\/media?parent=241821"}],"curies":[{"name":"wp","href":"https:\/\/api.w.org\/{rel}","templated":true}]}}